{"id":216,"date":"2019-01-04T15:34:20","date_gmt":"2019-01-04T15:34:20","guid":{"rendered":"http:\/\/eithealth.uevora.pt\/en\/?page_id=216"},"modified":"2019-01-15T16:38:27","modified_gmt":"2019-01-15T16:38:27","slug":"projects","status":"publish","type":"page","link":"https:\/\/eithealth.uevora.pt\/en\/projects\/","title":{"rendered":"Projects"},"content":{"rendered":"<p>&nbsp;<\/p>\n<hr \/>\n<p><strong>Shape U UP<\/strong><\/p>\n<p>Shape U Up\u00a0\u00e9 uma rede de campus universit\u00e1rios europeus que pomovem uma atitude saud\u00e1vel e ativa\u00a0 com especial enfoque nos cidad\u00e3o dos 18 aos 30. Neste projeto s\u00e3o promovidos meetups\u00a0com o intuito<br \/>\nde promover e estimular a \u00e1rea da sa\u00fade,\u00a0nomeadamente a sa\u00fade digital, abordando temas como\u00a0o stress, a actividade\u00a0f\u00edsica, a sa\u00fade mental, a nutri\u00e7\u00e3o, os comportamentos sexuais, entre outros.<\/p>\n<p>Mais informa\u00e7\u00f5es:\u00a0<a href=\"https:\/\/www.eithealth.eu\/shape-u-up\">https:\/\/www.eithealth.eu\/shape-u-up\u00a0<\/a><\/p>\n<hr \/>\n<p><strong>Innovations Days EIT-HEALTH<\/strong><\/p>\n<p>Acelerador de inova\u00e7\u00e3o na \u00e1rea das tecnologias para sa\u00fade atrav\u00e9s de compet\u00eancias anal\u00edticas transdisciplinares sobre os problemas de sa\u00fade e envelhecimento;\u00a0de trabalho em equipas multidisciplinares com vista \u00e0 transdisciplinaridade\u00a0de projetar para o empreendedorismo\u00a0de comunicar com efetividade\u00a0intera\u00e7\u00e3o dos estudantes com investigadores e investidores da \u00e1rea de envelhecimento e sa\u00fade\u00a0inova\u00e7\u00e3o transdisciplinar em envelhecimento e sa\u00fade.<\/p>\n<p>Inovations days 2018:\u00a0<a href=\"https:\/\/innovationday2018.xdi.uevora.pt\/\">https:\/\/innovationday2018.xdi.uevora.pt\/<\/a><\/p>\n<p>Inovations days 2017:\u00a0<a href=\"https:\/\/innovationday.xdi.uevora.pt\/\">https:\/\/innovationday.xdi.uevora.pt\/<\/a><\/p>\n<hr \/>\n<p><strong>SPEED TALENT \u201cAcelerador de Talentos\u201d<\/strong>\u00a0 02\/01\/2017 &#8212; 31\/12\/2018<\/p>\n<p><strong>Parceiros<\/strong>: PACT, Sines Tecnopolo, ANJE, ADRAL, NERE, IPB, IPS, IPP, U\u00c9vora<\/p>\n<p><strong>Objetivo<\/strong><\/p>\n<p>Aproveitamento das sinergias, compet\u00eancias e capacidade instalada das institui\u00e7\u00f5es que integram o ecossistema de inova\u00e7\u00e3o regional, parcerias do projeto, para a promo\u00e7\u00e3o do empreendedorismo qualificado e criativo na regi\u00e3o Alentejo. Promover e divulgar o tema do empreendedorismo e estimular iniciativas empresariais ligadas \u00e0s \u00e1reas mais tecnol\u00f3gicas.<\/p>\n<p>Mais informa\u00e7\u00f5es:\u00a0<a href=\"https:\/\/www.pact.pt\/site\/speed-talent\/\">\u00a0https:\/\/www.pact.pt\/site\/speed-talent\/<\/a><\/p>\n<hr \/>\n<p><strong>EpiDEMPrev<\/strong><\/p>\n<p>EpiDEMPrev &#8211; Epidemiology of Ageing and Dementia Prevention, PhD Label<\/p>\n<p>U. Coimbra, University of Copenhagen; Imperial College London;The University of Newcastle upon Tyne; Academisch Ziekenhuis Groningen;Centro Hospitalar e Universit\u00e1rio de Coimbra;Centro Hospitalar Lisboa Norte;Instituto Pedro Nunes;Universidade de \u00c9vora;\u00a0Universidade de Lisboa<\/p>\n<hr \/>\n<p><strong>SLIM<\/strong><\/p>\n<p>SLIM &#8211; Supporting Successful Start-ups and Linking Living Labs: Innostars using Midstream Modulation Method<br \/>\nT.U. Delft,\u00a0\u00c9vora, Madrid, N\u00e1poles<\/p>\n<hr \/>\n<p><strong>LS Hard Skills<\/strong><\/p>\n<p>LS Hard Skills &#8211; Top notch life science innovations training for executives and professionals<br \/>\nCelon Pharma (PL)\u00a0Un. Lodz, U. \u00c9vora, Un. Navarra<\/p>\n","protected":false},"excerpt":{"rendered":"<p>&nbsp; Shape U UP Shape U Up\u00a0\u00e9 uma rede de campus universit\u00e1rios europeus que pomovem uma atitude saud\u00e1vel e ativa\u00a0 com especial enfoque nos cidad\u00e3o dos 18 aos 30. Neste projeto s\u00e3o promovidos meetups\u00a0com o intuito de promover e estimular a \u00e1rea da sa\u00fade,\u00a0nomeadamente a sa\u00fade digital, abordando temas como\u00a0o stress, a actividade\u00a0f\u00edsica, a sa\u00fade [&hellip;]<\/p>\n","protected":false},"author":7,"featured_media":0,"parent":0,"menu_order":0,"comment_status":"closed","ping_status":"closed","template":"","meta":[],"_links":{"self":[{"href":"https:\/\/eithealth.uevora.pt\/en\/wp-json\/wp\/v2\/pages\/216"}],"collection":[{"href":"https:\/\/eithealth.uevora.pt\/en\/wp-json\/wp\/v2\/pages"}],"about":[{"href":"https:\/\/eithealth.uevora.pt\/en\/wp-json\/wp\/v2\/types\/page"}],"author":[{"embeddable":true,"href":"https:\/\/eithealth.uevora.pt\/en\/wp-json\/wp\/v2\/users\/7"}],"replies":[{"embeddable":true,"href":"https:\/\/eithealth.uevora.pt\/en\/wp-json\/wp\/v2\/comments?post=216"}],"version-history":[{"count":5,"href":"https:\/\/eithealth.uevora.pt\/en\/wp-json\/wp\/v2\/pages\/216\/revisions"}],"predecessor-version":[{"id":277,"href":"https:\/\/eithealth.uevora.pt\/en\/wp-json\/wp\/v2\/pages\/216\/revisions\/277"}],"wp:attachment":[{"href":"https:\/\/eithealth.uevora.pt\/en\/wp-json\/wp\/v2\/media?parent=216"}],"curies":[{"name":"wp","href":"https:\/\/api.w.org\/{rel}","templated":true}]}}