{"id":218,"date":"2019-01-04T15:34:21","date_gmt":"2019-01-04T15:34:21","guid":{"rendered":"http:\/\/eithealth.uevora.pt\/en\/?page_id=218"},"modified":"2019-09-17T10:01:19","modified_gmt":"2019-09-17T10:01:19","slug":"contactos","status":"publish","type":"page","link":"https:\/\/eithealth.uevora.pt\/en\/contactos\/","title":{"rendered":"Contacts"},"content":{"rendered":"<p><img decoding=\"async\" loading=\"lazy\" class=\"alignnone wp-image-959\" src=\"https:\/\/eithealth.uevora.pt\/wp-content\/uploads\/2019\/01\/download.jpeg\" alt=\"\" width=\"486\" height=\"322\" \/><\/p>\n<div class=\"entry-content clearfix\">\n<p align=\"LEFT\"><strong>Universidade de \u00c9vora<\/strong><\/p>\n<p align=\"LEFT\"><strong>Adress:<\/strong><\/p>\n<\/div>\n<header class=\"entry-header\"><\/header>\n<div class=\"entry-content clearfix\">\n<p>Largo dos Colegiais, 2, 7000 \u00c9vora.<\/p>\n<p align=\"LEFT\">+351 266 740 800<\/p>\n<p align=\"LEFT\"><a href=\"mailto:tt@scc.uevora.pt\">eit@uevora.pt<\/a><\/p>\n<p align=\"LEFT\"><a href=\"http:\/\/www.uevora.pt\">www.uevora.pt<\/a><\/p>\n<\/div>\n<p><a href=\"http:\/\/eithealth.uevora.pt\/wp-content\/uploads\/2017\/10\/unnamed.jpg\"><img decoding=\"async\" loading=\"lazy\" class=\"wp-image-447 alignnone\" src=\"http:\/\/eithealth.uevora.pt\/wp-content\/uploads\/2017\/10\/unnamed.jpg\" alt=\"\" width=\"485\" height=\"322\" \/><\/a><\/p>\n<div class=\"entry-content clearfix\">\n<p align=\"LEFT\"><strong>PACT<\/strong><\/p>\n<p align=\"LEFT\"><strong>Adress:<\/strong><\/p>\n<\/div>\n<header class=\"entry-header\"><\/header>\n<div class=\"entry-content clearfix\">\n<p>Herdade da Barba Rala<\/p>\n<p>Rua Lu\u00eds Adelino Fonseca, Lote 1A<br \/>\n7005-841 \u00c9vora.<\/p>\n<p align=\"LEFT\">+351 266 769 152<\/p>\n<p align=\"LEFT\"><a href=\"http:\/\/www.pact.pt\">www.pact.pt<\/a><\/p>\n<p align=\"LEFT\">\n<\/div>\n","protected":false},"excerpt":{"rendered":"<p>Universidade de \u00c9vora Adress: Largo dos Colegiais, 2, 7000 \u00c9vora. +351 266 740 800 eit@uevora.pt www.uevora.pt PACT Adress: Herdade da Barba Rala Rua Lu\u00eds Adelino Fonseca, Lote 1A 7005-841 \u00c9vora. +351 266 769 152 www.pact.pt<\/p>\n","protected":false},"author":7,"featured_media":0,"parent":0,"menu_order":2,"comment_status":"closed","ping_status":"closed","template":"","meta":[],"_links":{"self":[{"href":"https:\/\/eithealth.uevora.pt\/en\/wp-json\/wp\/v2\/pages\/218"}],"collection":[{"href":"https:\/\/eithealth.uevora.pt\/en\/wp-json\/wp\/v2\/pages"}],"about":[{"href":"https:\/\/eithealth.uevora.pt\/en\/wp-json\/wp\/v2\/types\/page"}],"author":[{"embeddable":true,"href":"https:\/\/eithealth.uevora.pt\/en\/wp-json\/wp\/v2\/users\/7"}],"replies":[{"embeddable":true,"href":"https:\/\/eithealth.uevora.pt\/en\/wp-json\/wp\/v2\/comments?post=218"}],"version-history":[{"count":8,"href":"https:\/\/eithealth.uevora.pt\/en\/wp-json\/wp\/v2\/pages\/218\/revisions"}],"predecessor-version":[{"id":342,"href":"https:\/\/eithealth.uevora.pt\/en\/wp-json\/wp\/v2\/pages\/218\/revisions\/342"}],"wp:attachment":[{"href":"https:\/\/eithealth.uevora.pt\/en\/wp-json\/wp\/v2\/media?parent=218"}],"curies":[{"name":"wp","href":"https:\/\/api.w.org\/{rel}","templated":true}]}}